{"id":785,"date":"2023-09-12T15:47:56","date_gmt":"2023-09-12T14:47:56","guid":{"rendered":"https:\/\/pharmaceuticaltranslator.com\/?page_id=785"},"modified":"2024-02-26T12:25:15","modified_gmt":"2024-02-26T11:25:15","slug":"mapa-del-sitio","status":"publish","type":"page","link":"https:\/\/pharmaceuticaltranslator.com\/es\/mapa-del-sitio\/","title":{"rendered":"Mapa del sitio"},"content":{"rendered":"\t\t<div data-elementor-type=\"wp-page\" data-elementor-id=\"785\" class=\"elementor elementor-785\" data-elementor-post-type=\"page\">\n\t\t\t\t<div class=\"elementor-element elementor-element-4ac30e9 e-flex e-con-boxed e-con e-parent\" data-id=\"4ac30e9\" data-element_type=\"container\">\n\t\t\t\t\t<div class=\"e-con-inner\">\n\t\t\t\t<div class=\"elementor-element elementor-element-806e783 elementor-widget elementor-widget-heading\" data-id=\"806e783\" data-element_type=\"widget\" data-widget_type=\"heading.default\">\n\t\t\t\t\t<h1 class=\"elementor-heading-title elementor-size-default\">Mapa del sitio<\/h1>\t\t\t\t<\/div>\n\t\t\t\t<div class=\"elementor-element elementor-element-f846511 elementor-widget elementor-widget-sitemap\" data-id=\"f846511\" data-element_type=\"widget\" data-widget_type=\"sitemap.default\">\n\t\t\t\t\t<div class=\"elementor-sitemap-wrap\"><div class=\"elementor-sitemap-section\"><h2 class=\"elementor-sitemap-title elementor-sitemap-page-title\">P\u00e1ginas<\/h2><ul class=\"elementor-sitemap-list elementor-sitemap-page-list\"><li class=\"elementor-sitemap-item elementor-sitemap-item-page page_item page-item-76\"><a href=\"https:\/\/pharmaceuticaltranslator.com\/es\/\">Inicio<\/a><\/li><li class=\"elementor-sitemap-item elementor-sitemap-item-page page_item page-item-60\"><a href=\"https:\/\/pharmaceuticaltranslator.com\/es\/sobre-mi\/\">Sobre m\u00ed<\/a><\/li><li class=\"elementor-sitemap-item elementor-sitemap-item-page page_item page-item-690\"><a href=\"https:\/\/pharmaceuticaltranslator.com\/es\/servicios\/\">Servicios<\/a><\/li><li class=\"elementor-sitemap-item elementor-sitemap-item-page page_item page-item-219 current_page_parent\"><a href=\"https:\/\/pharmaceuticaltranslator.com\/es\/blog\/\">Blog<\/a><\/li><li class=\"elementor-sitemap-item elementor-sitemap-item-page page_item page-item-31\"><a href=\"https:\/\/pharmaceuticaltranslator.com\/es\/contacto\/\">Contacto<\/a><\/li><li class=\"elementor-sitemap-item elementor-sitemap-item-page page_item page-item-785\"><a href=\"https:\/\/pharmaceuticaltranslator.com\/es\/mapa-del-sitio\/\">Mapa del sitio<\/a><\/li><li class=\"elementor-sitemap-item elementor-sitemap-item-page page_item page-item-3\"><a href=\"https:\/\/pharmaceuticaltranslator.com\/es\/aviso-legal\/\">Aviso Legal<\/a><\/li><li class=\"elementor-sitemap-item elementor-sitemap-item-page page_item page-item-344\"><a href=\"https:\/\/pharmaceuticaltranslator.com\/es\/politica-de-cookies\/\">Pol\u00edtica de Cookies<\/a><\/li><li class=\"elementor-sitemap-item elementor-sitemap-item-page page_item page-item-346\"><a href=\"https:\/\/pharmaceuticaltranslator.com\/es\/politica-de-privacidad\/\">Pol\u00edtica de Privacidad<\/a><\/li><\/ul><\/div><div class=\"elementor-sitemap-section\"><h2 class=\"elementor-sitemap-title elementor-sitemap-post-title\">P\u00e1ginas<\/h2><ul class=\"elementor-sitemap-list elementor-sitemap-post-list\"><li class=\"elementor-sitemap-item elementor-sitemap-item-post page_item page-item-800\"><a href=\"https:\/\/pharmaceuticaltranslator.com\/es\/blog\/por-que-es-importante-el-ingles-en-la-industria-farmaceutica\/\">\u00bfPor qu\u00e9 la traducci\u00f3n es tan importante para la industria farmac\u00e9utica?<\/a><\/li><li class=\"elementor-sitemap-item elementor-sitemap-item-post page_item page-item-854\"><a href=\"https:\/\/pharmaceuticaltranslator.com\/es\/blog\/caracteristicas-traduccion-farmaceutica\/\">Caracter\u00edsticas de la traducci\u00f3n farmac\u00e9utica<\/a><\/li><li class=\"elementor-sitemap-item elementor-sitemap-item-post page_item page-item-889\"><a href=\"https:\/\/pharmaceuticaltranslator.com\/es\/blog\/que-debe-tener-un-buen-traductor-sanitario\/\">Caracter\u00edsticas del buen traductor m\u00e9dico<\/a><\/li><li class=\"elementor-sitemap-item elementor-sitemap-item-post page_item page-item-901\"><a href=\"https:\/\/pharmaceuticaltranslator.com\/es\/blog\/por-que-acudir-a-un-traductor-profesional-en-lugar-de-herramientas-gratuitas\/\">\u00bfPor qu\u00e9 acudir a un traductor profesional en lugar de utilizar herramientas gratuitas?<\/a><\/li><li class=\"elementor-sitemap-item elementor-sitemap-item-post page_item page-item-962\"><a href=\"https:\/\/pharmaceuticaltranslator.com\/es\/blog\/beneficios-de-la-traduccion-especializada-en-el-sector-sanitario\/\">Beneficios de la traducci\u00f3n especializada en el sector m\u00e9dico<\/a><\/li><li class=\"elementor-sitemap-item elementor-sitemap-item-post page_item page-item-990\"><a href=\"https:\/\/pharmaceuticaltranslator.com\/es\/blog\/diferencias-entre-traduccion-cientifica-y-traduccion-tecnica\/\">Diferencias entre traducci\u00f3n cient\u00edfica y traducci\u00f3n t\u00e9cnica<\/a><\/li><li class=\"elementor-sitemap-item elementor-sitemap-item-post page_item page-item-999\"><a href=\"https:\/\/pharmaceuticaltranslator.com\/es\/blog\/5-errores-que-puedes-evitar-gracias-a-la-traduccion-cientifica\/\">5 errores que puedes evitar gracias a la traducci\u00f3n cient\u00edfica<\/a><\/li><li class=\"elementor-sitemap-item elementor-sitemap-item-post page_item page-item-1023\"><a href=\"https:\/\/pharmaceuticaltranslator.com\/es\/blog\/como-saber-si-una-traduccion-medica-esta-bien-hecha\/\">\u00bfC\u00f3mo saber si una traducci\u00f3n m\u00e9dica est\u00e1 bien hecha?<\/a><\/li><li class=\"elementor-sitemap-item elementor-sitemap-item-post page_item page-item-1029\"><a href=\"https:\/\/pharmaceuticaltranslator.com\/es\/blog\/factores-a-tener-en-cuenta-en-una-traduccion-cientifica\/\">Claves para una traducci\u00f3n cient\u00edfica de calidad<\/a><\/li><li class=\"elementor-sitemap-item elementor-sitemap-item-post page_item page-item-1107\"><a href=\"https:\/\/pharmaceuticaltranslator.com\/es\/blog\/normativa-para-la-venta-online-de-productos-sanitarios-fuera-de-espana\/\">Normativa para la venta online de productos sanitarios fuera de Espa\u00f1a<\/a><\/li><li class=\"elementor-sitemap-item elementor-sitemap-item-post page_item page-item-1118\"><a href=\"https:\/\/pharmaceuticaltranslator.com\/es\/blog\/por-que-utilizar-interpretacion-simultanea-en-congresos-farmaceuticos\/\">\u00bfPor qu\u00e9 utilizar interpretaci\u00f3n simult\u00e1nea en congresos farmac\u00e9uticos?<\/a><\/li><li class=\"elementor-sitemap-item elementor-sitemap-item-post page_item page-item-1127\"><a href=\"https:\/\/pharmaceuticaltranslator.com\/es\/blog\/nomenclaturas-universales-de-productos-sanitarios\/\">Nomenclaturas universales de productos sanitarios<\/a><\/li><\/ul><\/div><\/div>\t\t\t\t<\/div>\n\t\t\t\t\t<\/div>\n\t\t\t\t<\/div>\n\t\t\t\t<\/div>\n\t\t","protected":false},"excerpt":{"rendered":"<p>Mapa del sitio<\/p>\n","protected":false},"author":1,"featured_media":0,"parent":0,"menu_order":6,"comment_status":"closed","ping_status":"closed","template":"","meta":{"footnotes":""},"class_list":["post-785","page","type-page","status-publish","hentry"],"_links":{"self":[{"href":"https:\/\/pharmaceuticaltranslator.com\/es\/wp-json\/wp\/v2\/pages\/785","targetHints":{"allow":["GET"]}}],"collection":[{"href":"https:\/\/pharmaceuticaltranslator.com\/es\/wp-json\/wp\/v2\/pages"}],"about":[{"href":"https:\/\/pharmaceuticaltranslator.com\/es\/wp-json\/wp\/v2\/types\/page"}],"author":[{"embeddable":true,"href":"https:\/\/pharmaceuticaltranslator.com\/es\/wp-json\/wp\/v2\/users\/1"}],"replies":[{"embeddable":true,"href":"https:\/\/pharmaceuticaltranslator.com\/es\/wp-json\/wp\/v2\/comments?post=785"}],"version-history":[{"count":0,"href":"https:\/\/pharmaceuticaltranslator.com\/es\/wp-json\/wp\/v2\/pages\/785\/revisions"}],"wp:attachment":[{"href":"https:\/\/pharmaceuticaltranslator.com\/es\/wp-json\/wp\/v2\/media?parent=785"}],"curies":[{"name":"wp","href":"https:\/\/api.w.org\/{rel}","templated":true}]}}